{"id":337,"date":"2022-05-06T15:03:17","date_gmt":"2022-05-06T13:03:17","guid":{"rendered":"https:\/\/lechnerhof.devel-web.de\/?page_id=337"},"modified":"2023-03-31T16:12:42","modified_gmt":"2023-03-31T14:12:42","slug":"freizeit-in-muenchen","status":"publish","type":"page","link":"https:\/\/hotel-lechnerhof.de\/en\/freizeit-in-muenchen\/","title":{"rendered":"Freizeit"},"content":{"rendered":"\n<h1 class=\"wp-block-heading has-text-align-center\">Freizeit in M\u00fcnchen und rund um Hotel Lechnerhof<\/h1>\n\n\n\n<p class=\"has-text-align-center\">Entspannen, lesen und es sich gut gehen lassen.<\/p>\n\n\n\n<div style=\"height:31px\" aria-hidden=\"true\" class=\"wp-block-spacer\"><\/div>\n\n\n\n<div id=\"wandern-laufen\" class=\"wp-block-group\"><div class=\"wp-block-group__inner-container is-layout-flow wp-block-group-is-layout-flow\">\n<div class=\"wp-block-columns table-header is-layout-flex wp-container-core-columns-is-layout-9d6595d7 wp-block-columns-is-layout-flex\">\n<div class=\"wp-block-column is-layout-flow wp-block-column-is-layout-flow\"><\/div>\n\n\n\n<div class=\"wp-block-column is-layout-flow wp-block-column-is-layout-flow\">\n<h2 class=\"wp-block-heading\">Laufen \/ Wandern<\/h2>\n<\/div>\n<\/div>\n\n\n\n<div class=\"wp-block-columns is-layout-flex wp-container-core-columns-is-layout-9d6595d7 wp-block-columns-is-layout-flex\">\n<div class=\"wp-block-column is-layout-flow wp-block-column-is-layout-flow\" style=\"flex-basis:49%\">\n<figure class=\"wp-block-image size-full is-style-default inline-img left-img\"><img loading=\"lazy\" decoding=\"async\" width=\"540\" height=\"300\" src=\"https:\/\/lechnerhof.devel-web.de\/wp-content\/uploads\/laufen-wandern-1.jpg\" alt=\"\" class=\"wp-image-1799\" srcset=\"https:\/\/hotel-lechnerhof.de\/wp-content\/uploads\/laufen-wandern-1.jpg 540w, https:\/\/hotel-lechnerhof.de\/wp-content\/uploads\/laufen-wandern-1-300x167.jpg 300w\" sizes=\"auto, (max-width: 540px) 100vw, 540px\" \/><\/figure>\n<\/div>\n\n\n\n<div class=\"wp-block-column is-layout-flow wp-block-column-is-layout-flow\" style=\"flex-basis:49%\">\n<p>Sie m\u00f6gen die Natur und starten Ihren Tag gerne mit einem Lauf oder Spaziergang an der frischen Luft? Wunderbar! Der Englische Garten liegt direkt hinter dem Hotel. Ob auf Trails oder ausgebauten Wegen, hier ist f\u00fcr jeden das Richtige dabei.<\/p>\n\n\n\n<p>Sie k\u00f6nnen sogar ab dem Hotel bis zum Marienplatz an der Isar entlang wandern und sich dann mit einem Biergartenbesuch \u201ebelohnen\u201c.<\/p>\n\n\n\n<p>Und wenn Sie die Sehnsucht nach den Bergen packt, so erreichen Sie die M\u00fcnchner Hausberge in ca. 1 Stunde Autofahrt.<\/p>\n\n\n\n<p class=\"brown-link fa fa-solid fa-angle-right\"><a href=\"https:\/\/www.komoot.de\/guide\/72636\/laufstrecken-rund-um-muenchen\">Die sch\u00f6nsten Jogging- und Laufstrecken in M\u00fcnchen<\/a><\/p>\n<\/div>\n<\/div>\n\n\n\n<div style=\"height:30px\" aria-hidden=\"true\" class=\"wp-block-spacer\"><\/div>\n\n\n\n<div style=\"height:30px\" aria-hidden=\"true\" class=\"wp-block-spacer\"><\/div>\n<\/div><\/div>\n\n\n\n<div id=\"fahrrad\" class=\"wp-block-group\"><div class=\"wp-block-group__inner-container is-layout-flow wp-block-group-is-layout-flow\">\n<div class=\"wp-block-columns table-header is-layout-flex wp-container-core-columns-is-layout-9d6595d7 wp-block-columns-is-layout-flex\">\n<div class=\"wp-block-column is-layout-flow wp-block-column-is-layout-flow\">\n<h2 class=\"wp-block-heading\">Fahrrad<\/h2>\n<\/div>\n\n\n\n<div class=\"wp-block-column is-layout-flow wp-block-column-is-layout-flow\"><\/div>\n<\/div>\n\n\n\n<div class=\"wp-block-columns is-layout-flex wp-container-core-columns-is-layout-9d6595d7 wp-block-columns-is-layout-flex\">\n<div class=\"wp-block-column is-layout-flow wp-block-column-is-layout-flow\" style=\"flex-basis:49%\">\n<p>An der Isar entlang oder durch die Felder \u2013 in M\u00fcnchen und dem Umland gibt es zahlreiche Radwege. So k\u00f6nnen Sie zum Beispiel Teilstrecken des Isar-Inn Radweges fahren. Unser Rezeptionsteam ber\u00e4t Sie gerne.<\/p>\n\n\n\n<p>Und \u00fcbrigens, an vielen S-Bahnstationen gibt es inzwischen die M\u00f6glichkeit sich ein Rad auszuleihen.<\/p>\n<\/div>\n\n\n\n<div class=\"wp-block-column is-layout-flow wp-block-column-is-layout-flow\" style=\"flex-basis:49%\"><\/div>\n<\/div>\n<\/div><\/div>\n\n\n\n<div id=\"golf-tennis\" class=\"wp-block-group\"><div class=\"wp-block-group__inner-container is-layout-flow wp-block-group-is-layout-flow\">\n<div class=\"wp-block-columns table-header is-layout-flex wp-container-core-columns-is-layout-9d6595d7 wp-block-columns-is-layout-flex\">\n<div class=\"wp-block-column is-layout-flow wp-block-column-is-layout-flow\"><\/div>\n\n\n\n<div class=\"wp-block-column is-layout-flow wp-block-column-is-layout-flow\">\n<h2 class=\"wp-block-heading\">Golf \/ Tennis \/ Bowling<\/h2>\n<\/div>\n<\/div>\n\n\n\n<div class=\"wp-block-columns is-layout-flex wp-container-core-columns-is-layout-9d6595d7 wp-block-columns-is-layout-flex\">\n<div class=\"wp-block-column is-layout-flow wp-block-column-is-layout-flow\" style=\"flex-basis:49%\"><\/div>\n\n\n\n<div class=\"wp-block-column is-layout-flow wp-block-column-is-layout-flow\" style=\"flex-basis:49%\">\n<p>In der Umgebung k\u00f6nnen Sie Ihrer Leidenschaft f\u00fcr Golf, Tennis oder Bowling nachgehen. <\/p>\n\n\n\n<p>Gerne erhalten Sie von uns eine \u00dcbersicht der n\u00e4chsten Golfpl\u00e4tze.<\/p>\n\n\n\n<p class=\"brown-link fa fa-solid fa-angle-right\"><a href=\"https:\/\/www.leadingcourses.com\/de\/region\/europa+deutschland+bayern\/m\u00fcnchen\">Golfregion M\u00fcnchen &#8211; \u00dcbersicht<\/a><\/p>\n\n\n\n<p class=\"brown-link fa fa-solid fa-angle-right\"><a href=\"https:\/\/gp-ma.de\">Golfclub M\u00fcnchen Aschheim<\/a><\/p>\n\n\n\n<p class=\"brown-link fa fa-solid fa-angle-right\"><a href=\"https:\/\/www.gc-eichenried.de\">Golfclub M\u00fcnchen Nord Eichenried<\/a><\/p>\n<\/div>\n<\/div>\n<\/div><\/div>\n\n\n\n<div id=\"kultur\" class=\"wp-block-group\"><div class=\"wp-block-group__inner-container is-layout-flow wp-block-group-is-layout-flow\">\n<div class=\"wp-block-columns table-header is-layout-flex wp-container-core-columns-is-layout-9d6595d7 wp-block-columns-is-layout-flex\">\n<div class=\"wp-block-column is-layout-flow wp-block-column-is-layout-flow\">\n<h2 class=\"wp-block-heading\">Kultur<\/h2>\n<\/div>\n\n\n\n<div class=\"wp-block-column is-layout-flow wp-block-column-is-layout-flow\"><\/div>\n<\/div>\n\n\n\n<div class=\"wp-block-columns are-vertically-aligned-top is-layout-flex wp-container-core-columns-is-layout-9d6595d7 wp-block-columns-is-layout-flex\">\n<div class=\"wp-block-column is-vertically-aligned-top is-layout-flow wp-block-column-is-layout-flow\" style=\"flex-basis:49%\">\n<p>Im Kulturhaus in Unterf\u00f6hring gibt es ein breit gef\u00e4chertes Angebot von Konzerten, Theatervorstellungen oder Soloprogrammen. <\/p>\n\n\n\n<p>Mit der S-Bahn erreichen Sie bequem die Innenstadt und k\u00f6nnen hier unterschiedliche Museen \/ Ausstellungen und Theater besuchen.<\/p>\n\n\n\n<p class=\"brown-link fa fa-solid fa-angle-right\"><a href=\"https:\/\/www.muenchen.de\/veranstaltungen\/events\">Veranstaltungskalender f\u00fcr M\u00fcnchen<\/a><\/p>\n\n\n\n<p class=\"brown-link fa fa-solid fa-angle-right\"><a href=\"https:\/\/www.unterfoehring.de\/freizeit-kultur\/kultur\/kulturprogramm.html\">Gemeinde Unterf\u00f6hring<\/a><\/p>\n\n\n<div class=\"wp-block-image is-style-default inline-img left-img\">\n<figure class=\"alignright size-full\"><img loading=\"lazy\" decoding=\"async\" width=\"540\" height=\"300\" src=\"https:\/\/lechnerhof.devel-web.de\/wp-content\/uploads\/Pinakothek-der-Moderne.jpg\" alt=\"\" class=\"wp-image-1802\" srcset=\"https:\/\/hotel-lechnerhof.de\/wp-content\/uploads\/Pinakothek-der-Moderne.jpg 540w, https:\/\/hotel-lechnerhof.de\/wp-content\/uploads\/Pinakothek-der-Moderne-300x167.jpg 300w\" sizes=\"auto, (max-width: 540px) 100vw, 540px\" \/><\/figure>\n<\/div><\/div>\n<\/div>\n<\/div><\/div>\n\n\n\n<div id=\"-badeseen\" class=\"wp-block-group no-display\"><div class=\"wp-block-group__inner-container is-layout-flow wp-block-group-is-layout-flow\">\n<div class=\"wp-block-columns table-header is-layout-flex wp-container-core-columns-is-layout-9d6595d7 wp-block-columns-is-layout-flex\">\n<div class=\"wp-block-column is-layout-flow wp-block-column-is-layout-flow\"><\/div>\n\n\n\n<div class=\"wp-block-column is-layout-flow wp-block-column-is-layout-flow\">\n<h2 class=\"wp-block-heading\">Badeseen und Naherholungsgebiete<\/h2>\n<\/div>\n<\/div>\n\n\n\n<div class=\"wp-block-columns is-layout-flex wp-container-core-columns-is-layout-9d6595d7 wp-block-columns-is-layout-flex\">\n<div class=\"wp-block-column is-layout-flow wp-block-column-is-layout-flow\" style=\"flex-basis:49%\">\n<figure class=\"wp-block-image size-full is-style-default inline-img left-img\"><img decoding=\"async\" src=\"https:\/\/lechnerhof.devel-web.de\/wp-content\/uploads\/2022\/05\/feringasee-2-standard.jpg\" alt=\"\" class=\"wp-image-348\"\/><\/figure>\n<\/div>\n\n\n\n<div class=\"wp-block-column is-layout-flow wp-block-column-is-layout-flow\" style=\"flex-basis:49%\">\n<p>Lorem ipsum dolor sit amet, consetetur sadipscing elitr, sed diam nonumy eirmod tempor invidunt ut labore et dolore magna aliquyam erat, sed diam voluptua. &nbsp;<\/p>\n\n\n\n<p>At vero eos et accusam et justo duo dolores et ea rebum. Stet clita kasd gubergren, no sea takimata sanctus est Lorem ipsum dolor sit amet.<\/p>\n\n\n\n<p class=\"brown-link fa fa-solid fa-angle-right\"><a href=\"#\">Feringasee<\/a><\/p>\n\n\n\n<p class=\"brown-link fa fa-solid fa-angle-right\"><a href=\"#\">Pochinger Weiher<\/a><\/p>\n\n\n\n<p class=\"brown-link fa fa-solid fa-angle-right\"><a href=\"#\">Isarauen<\/a><\/p>\n<\/div>\n<\/div>\n<\/div><\/div>\n\n\n\n<div id=\"-baeder\" class=\"wp-block-group no-display\"><div class=\"wp-block-group__inner-container is-layout-flow wp-block-group-is-layout-flow\">\n<div class=\"wp-block-columns table-header is-layout-flex wp-container-core-columns-is-layout-9d6595d7 wp-block-columns-is-layout-flex\">\n<div class=\"wp-block-column is-layout-flow wp-block-column-is-layout-flow\">\n<h2 class=\"wp-block-heading\">B\u00e4der<\/h2>\n<\/div>\n\n\n\n<div class=\"wp-block-column is-layout-flow wp-block-column-is-layout-flow\"><\/div>\n<\/div>\n\n\n\n<div class=\"wp-block-columns is-layout-flex wp-container-core-columns-is-layout-9d6595d7 wp-block-columns-is-layout-flex\">\n<div class=\"wp-block-column is-layout-flow wp-block-column-is-layout-flow\" style=\"flex-basis:49%\">\n<p>Lorem ipsum dolor sit amet, consetetur sadipscing elitr, sed diam nonumy eirmod tempor invidunt ut labore et dolore magna aliquyam erat, sed diam voluptua. &nbsp;<\/p>\n\n\n\n<p>At vero eos et accusam et justo duo dolores et ea rebum. Stet clita kasd gubergren, no sea takimata sanctus est Lorem ipsum dolor sit amet.<\/p>\n\n\n\n<p class=\"brown-link fa fa-solid fa-angle-right\"><a href=\"#\">Therme Erding<\/a><\/p>\n\n\n\n<p class=\"brown-link fa fa-solid fa-angle-right\"><a href=\"#\">Hallenbad Ismaning<\/a><\/p>\n<\/div>\n\n\n\n<div class=\"wp-block-column is-layout-flow wp-block-column-is-layout-flow\" style=\"flex-basis:49%\">\n<figure class=\"wp-block-image size-full is-style-default inline-img left-img\"><img loading=\"lazy\" decoding=\"async\" width=\"540\" height=\"300\" src=\"https:\/\/lechnerhof.devel-web.de\/wp-content\/uploads\/2022\/05\/etherme.jpg\" alt=\"\" class=\"wp-image-354\" srcset=\"https:\/\/hotel-lechnerhof.de\/wp-content\/uploads\/2022\/05\/etherme.jpg 540w, https:\/\/hotel-lechnerhof.de\/wp-content\/uploads\/2022\/05\/etherme-300x167.jpg 300w\" sizes=\"auto, (max-width: 540px) 100vw, 540px\" \/><\/figure>\n<\/div>\n<\/div>\n<\/div><\/div>\n\n\n\n<div style=\"height:45px\" aria-hidden=\"true\" class=\"wp-block-spacer\"><\/div>\n\n\n\n<div class=\"wp-block-group alignfull info-group has-background\" style=\"background-color:#f6f4ef\"><div class=\"wp-block-group__inner-container is-layout-flow wp-block-group-is-layout-flow\">\n<div style=\"height:35px\" aria-hidden=\"true\" class=\"wp-block-spacer\"><\/div>\n\n\n\n<h2 class=\"wp-block-heading has-text-align-center\">Hotel Lechnerhof &#8211; Tradition &amp; Komfort<\/h2>\n\n\n\n<div class=\"wp-block-columns is-layout-flex wp-container-core-columns-is-layout-9d6595d7 wp-block-columns-is-layout-flex\">\n<div class=\"wp-block-column room-group-col block-bounce is-layout-flow wp-block-column-is-layout-flow\"><a href=\"\/zimmer-und-preise\/\"    class=\"wp-block-tiptip-hyperlink-group-block\" >\n<div class=\"wp-block-group info-col-content-wrapper\"><div class=\"wp-block-group__inner-container is-layout-constrained wp-block-group-is-layout-constrained\">\n<figure class=\"wp-block-image size-full\"><img loading=\"lazy\" decoding=\"async\" width=\"545\" height=\"350\" src=\"\/wp-content\/uploads\/zimmer-545-350.jpg\" alt=\"\" class=\"wp-image-1314\" srcset=\"https:\/\/hotel-lechnerhof.de\/wp-content\/uploads\/zimmer-545-350.jpg 545w, https:\/\/hotel-lechnerhof.de\/wp-content\/uploads\/zimmer-545-350-300x193.jpg 300w\" sizes=\"auto, (max-width: 545px) 100vw, 545px\" \/><\/figure>\n\n\n\n<h3 class=\"wp-block-heading has-text-align-center\">Zimmer<\/h3>\n\n\n\n<p>Insgesamt 67 Zimmer unterschiedlicher Kategorien stehen Ihnen zur Verf\u00fcgung. W\u00e4hlen Sie vom Einzelzimmer bis hin zur Suite das f\u00fcr Sie passende Zimmer aus.<\/p>\n<\/div><\/div>\n\n\n<p class=\"has-text-align-right material-symbols-outlined g-icon\"><span href=\"#\">east<\/span><\/p>\n\n<\/a><\/div>\n\n\n\n<div class=\"wp-block-column room-group-col block-bounce is-layout-flow wp-block-column-is-layout-flow\"><a href=\"\/tagungen-seminare\/\"    class=\"wp-block-tiptip-hyperlink-group-block\" >\n<div class=\"wp-block-group info-col-content-wrapper\"><div class=\"wp-block-group__inner-container is-layout-constrained wp-block-group-is-layout-constrained\">\n<figure class=\"wp-block-image size-full\"><img loading=\"lazy\" decoding=\"async\" width=\"545\" height=\"350\" src=\"\/wp-content\/uploads\/tagung-545-350.jpg\" alt=\"\" class=\"wp-image-1315\" srcset=\"https:\/\/hotel-lechnerhof.de\/wp-content\/uploads\/tagung-545-350.jpg 545w, https:\/\/hotel-lechnerhof.de\/wp-content\/uploads\/tagung-545-350-300x193.jpg 300w\" sizes=\"auto, (max-width: 545px) 100vw, 545px\" \/><\/figure>\n\n\n\n<h3 class=\"wp-block-heading has-text-align-center\">Tagungen<\/h3>\n\n\n\n<p>Ob Coaching oder Meeting, unsere 4 Tagungsr\u00e4ume bieten Ihnen, f\u00fcr jeden Anlass den richtigen Rahmen.<\/p>\n<\/div><\/div>\n\n\n<p class=\"has-text-align-right material-symbols-outlined g-icon\"><span href=\"#\">east<\/span><\/p>\n\n<\/a><\/div>\n\n\n\n<div class=\"wp-block-column room-group-col block-bounce is-layout-flow wp-block-column-is-layout-flow\"><a href=\"\/lechnerhof\/\"    class=\"wp-block-tiptip-hyperlink-group-block\" >\n<div class=\"wp-block-group info-col-content-wrapper\"><div class=\"wp-block-group__inner-container is-layout-constrained wp-block-group-is-layout-constrained\">\n<figure class=\"wp-block-image size-full\"><img loading=\"lazy\" decoding=\"async\" width=\"545\" height=\"350\" src=\"\/wp-content\/uploads\/lechnerhof-545-350.jpg\" alt=\"\" class=\"wp-image-1316\" srcset=\"https:\/\/hotel-lechnerhof.de\/wp-content\/uploads\/lechnerhof-545-350.jpg 545w, https:\/\/hotel-lechnerhof.de\/wp-content\/uploads\/lechnerhof-545-350-300x193.jpg 300w\" sizes=\"auto, (max-width: 545px) 100vw, 545px\" \/><\/figure>\n\n\n\n<h3 class=\"wp-block-heading has-text-align-center\">Geschichte<\/h3>\n\n\n\n<p>Der \u201eWirtshof\u201c wird bereits 1305 urkundlich erw\u00e4hnt, seit 1989 wird der Lechnerhof als Hotel gef\u00fchrt und befindet sich in der 7. Generation des Familienbesitzes.<\/p>\n<\/div><\/div>\n\n\n<p class=\"has-text-align-right material-symbols-outlined g-icon\"><span href=\"#\">east<\/span><\/p>\n\n<\/a><\/div>\n\n\n\n<div class=\"wp-block-column room-group-col block-bounce is-layout-flow wp-block-column-is-layout-flow\"><a href=\"\/angebote\/\"    class=\"wp-block-tiptip-hyperlink-group-block\" >\n<div class=\"wp-block-group info-col-content-wrapper\"><div class=\"wp-block-group__inner-container is-layout-constrained wp-block-group-is-layout-constrained\">\n<figure class=\"wp-block-image size-full\"><img loading=\"lazy\" decoding=\"async\" width=\"545\" height=\"350\" src=\"\/wp-content\/uploads\/2022\/05\/angebote-545x350-1.jpg\" alt=\"\" class=\"wp-image-318\" srcset=\"https:\/\/hotel-lechnerhof.de\/wp-content\/uploads\/2022\/05\/angebote-545x350-1.jpg 545w, https:\/\/hotel-lechnerhof.de\/wp-content\/uploads\/2022\/05\/angebote-545x350-1-300x193.jpg 300w\" sizes=\"auto, (max-width: 545px) 100vw, 545px\" \/><\/figure>\n\n\n\n<h3 class=\"wp-block-heading has-text-align-center\">Angebote<\/h3>\n\n\n\n<p>Bereit f\u00fcr die n\u00e4chste Auszeit? Lassen Sie sich von unseren Angeboten inspirieren!<\/p>\n<\/div><\/div>\n\n\n<p class=\"has-text-align-right material-symbols-outlined g-icon\"><span href=\"#\">east<\/span><\/p>\n\n<\/a><\/div>\n<\/div>\n\n\n\n<div style=\"height:60px\" aria-hidden=\"true\" class=\"wp-block-spacer\"><\/div>\n<\/div><\/div>\n\n\n\n<div style=\"height:45px\" aria-hidden=\"true\" class=\"wp-block-spacer\"><\/div>\n","protected":false},"excerpt":{"rendered":"<p>Freizeit in M\u00fcnchen und rund um Hotel Lechnerhof Entspannen, lesen und es sich gut gehen lassen. Laufen \/ Wandern Sie m\u00f6gen die Natur und starten Ihren Tag gerne mit einem Lauf oder Spaziergang an der frischen Luft? Wunderbar! Der Englische Garten liegt direkt hinter dem Hotel. Ob auf Trails oder ausgebauten Wegen, hier ist f\u00fcr [&#8230;]<\/p>\n<p><a class=\"btn btn-secondary understrap-read-more-link\" href=\"https:\/\/hotel-lechnerhof.de\/en\/freizeit-in-muenchen\/\">Read More&#8230;<span class=\"screen-reader-text\"> from Freizeit<\/span><\/a><\/p>\n","protected":false},"author":1,"featured_media":0,"parent":0,"menu_order":0,"comment_status":"closed","ping_status":"closed","template":"page-templates\/fullwidthpage-no-header.php","meta":{"footnotes":""},"categories":[11],"tags":[],"class_list":["post-337","page","type-page","status-publish","hentry","category-freizeit-wellness"],"translation":{"provider":"WPGlobus","version":"3.0.2","language":"en","enabled_languages":["de","en"],"languages":{"de":{"title":true,"content":true,"excerpt":false},"en":{"title":false,"content":false,"excerpt":false}}},"yoast_head":"<!-- This site is optimized with the Yoast SEO plugin v27.4 - https:\/\/yoast.com\/product\/yoast-seo-wordpress\/ -->\n<title>Freizeit - Hotel Lechnerhof<\/title>\n<meta name=\"robots\" content=\"index, follow, max-snippet:-1, max-image-preview:large, max-video-preview:-1\" \/>\n<link rel=\"canonical\" href=\"https:\/\/hotel-lechnerhof.de\/freizeit-in-muenchen\/\" \/>\n<meta property=\"og:locale\" content=\"en_US\" \/>\n<meta property=\"og:type\" content=\"article\" \/>\n<meta property=\"og:title\" content=\"Freizeit - Hotel Lechnerhof\" \/>\n<meta property=\"og:url\" content=\"https:\/\/hotel-lechnerhof.de\/freizeit-in-muenchen\/\" \/>\n<meta property=\"og:site_name\" content=\"Hotel Lechnerhof\" \/>\n<meta property=\"article:modified_time\" content=\"2023-03-31T14:12:42+00:00\" \/>\n<meta property=\"og:image\" content=\"https:\/\/lechnerhof.devel-web.de\/wp-content\/uploads\/laufen-wandern-1.jpg\" \/>\n<meta name=\"twitter:card\" content=\"summary_large_image\" \/>\n<meta name=\"twitter:label1\" content=\"Est. reading time\" \/>\n\t<meta name=\"twitter:data1\" content=\"3 minutes\" \/>\n<script type=\"application\/ld+json\" class=\"yoast-schema-graph\">{\"@context\":\"https:\\\/\\\/schema.org\",\"@graph\":[{\"@type\":\"WebPage\",\"@id\":\"https:\\\/\\\/hotel-lechnerhof.de\\\/freizeit-in-muenchen\\\/\",\"url\":\"https:\\\/\\\/hotel-lechnerhof.de\\\/freizeit-in-muenchen\\\/\",\"name\":\"Freizeit - Hotel Lechnerhof\",\"isPartOf\":{\"@id\":\"https:\\\/\\\/hotel-lechnerhof.de\\\/en\\\/#website\"},\"primaryImageOfPage\":{\"@id\":\"https:\\\/\\\/hotel-lechnerhof.de\\\/freizeit-in-muenchen\\\/#primaryimage\"},\"image\":{\"@id\":\"https:\\\/\\\/hotel-lechnerhof.de\\\/freizeit-in-muenchen\\\/#primaryimage\"},\"thumbnailUrl\":\"https:\\\/\\\/lechnerhof.devel-web.de\\\/wp-content\\\/uploads\\\/laufen-wandern-1.jpg\",\"datePublished\":\"2022-05-06T13:03:17+00:00\",\"dateModified\":\"2023-03-31T14:12:42+00:00\",\"breadcrumb\":{\"@id\":\"https:\\\/\\\/hotel-lechnerhof.de\\\/freizeit-in-muenchen\\\/#breadcrumb\"},\"inLanguage\":\"en-US\",\"potentialAction\":[{\"@type\":\"ReadAction\",\"target\":[\"https:\\\/\\\/hotel-lechnerhof.de\\\/freizeit-in-muenchen\\\/\"]}]},{\"@type\":\"ImageObject\",\"inLanguage\":\"en-US\",\"@id\":\"https:\\\/\\\/hotel-lechnerhof.de\\\/freizeit-in-muenchen\\\/#primaryimage\",\"url\":\"https:\\\/\\\/lechnerhof.devel-web.de\\\/wp-content\\\/uploads\\\/laufen-wandern-1.jpg\",\"contentUrl\":\"https:\\\/\\\/lechnerhof.devel-web.de\\\/wp-content\\\/uploads\\\/laufen-wandern-1.jpg\"},{\"@type\":\"BreadcrumbList\",\"@id\":\"https:\\\/\\\/hotel-lechnerhof.de\\\/freizeit-in-muenchen\\\/#breadcrumb\",\"itemListElement\":[{\"@type\":\"ListItem\",\"position\":1,\"name\":\"Startseite\",\"item\":\"https:\\\/\\\/hotel-lechnerhof.de\\\/en\\\/\"},{\"@type\":\"ListItem\",\"position\":2,\"name\":\"Freizeit\"}]},{\"@type\":\"WebSite\",\"@id\":\"https:\\\/\\\/hotel-lechnerhof.de\\\/en\\\/#website\",\"url\":\"https:\\\/\\\/hotel-lechnerhof.de\\\/en\\\/\",\"name\":\"Hotel Lechnerhof\",\"description\":\"Eine weitere WordPress-Website\",\"publisher\":{\"@id\":\"https:\\\/\\\/hotel-lechnerhof.de\\\/en\\\/#organization\"},\"potentialAction\":[{\"@type\":\"SearchAction\",\"target\":{\"@type\":\"EntryPoint\",\"urlTemplate\":\"https:\\\/\\\/hotel-lechnerhof.de\\\/en\\\/?s={search_term_string}\"},\"query-input\":{\"@type\":\"PropertyValueSpecification\",\"valueRequired\":true,\"valueName\":\"search_term_string\"}}],\"inLanguage\":\"en-US\"},{\"@type\":\"Organization\",\"@id\":\"https:\\\/\\\/hotel-lechnerhof.de\\\/en\\\/#organization\",\"name\":\"Hotel Lechnerhof\",\"url\":\"https:\\\/\\\/hotel-lechnerhof.de\\\/en\\\/\",\"logo\":{\"@type\":\"ImageObject\",\"inLanguage\":\"en-US\",\"@id\":\"https:\\\/\\\/hotel-lechnerhof.de\\\/en\\\/#\\\/schema\\\/logo\\\/image\\\/\",\"url\":\"https:\\\/\\\/hotel-lechnerhof.de\\\/wp-content\\\/uploads\\\/2022\\\/05\\\/cropped-favicon-75.png\",\"contentUrl\":\"https:\\\/\\\/hotel-lechnerhof.de\\\/wp-content\\\/uploads\\\/2022\\\/05\\\/cropped-favicon-75.png\",\"width\":75,\"height\":75,\"caption\":\"Hotel Lechnerhof\"},\"image\":{\"@id\":\"https:\\\/\\\/hotel-lechnerhof.de\\\/en\\\/#\\\/schema\\\/logo\\\/image\\\/\"}}]}<\/script>\n<!-- \/ Yoast SEO plugin. -->","yoast_head_json":{"title":"Freizeit - Hotel Lechnerhof","robots":{"index":"index","follow":"follow","max-snippet":"max-snippet:-1","max-image-preview":"max-image-preview:large","max-video-preview":"max-video-preview:-1"},"canonical":"https:\/\/hotel-lechnerhof.de\/freizeit-in-muenchen\/","og_locale":"en_US","og_type":"article","og_title":"Freizeit - Hotel Lechnerhof","og_url":"https:\/\/hotel-lechnerhof.de\/freizeit-in-muenchen\/","og_site_name":"Hotel Lechnerhof","article_modified_time":"2023-03-31T14:12:42+00:00","og_image":[{"url":"https:\/\/lechnerhof.devel-web.de\/wp-content\/uploads\/laufen-wandern-1.jpg","type":"","width":"","height":""}],"twitter_card":"summary_large_image","twitter_misc":{"Est. reading time":"3 minutes"},"schema":{"@context":"https:\/\/schema.org","@graph":[{"@type":"WebPage","@id":"https:\/\/hotel-lechnerhof.de\/freizeit-in-muenchen\/","url":"https:\/\/hotel-lechnerhof.de\/freizeit-in-muenchen\/","name":"Freizeit - Hotel Lechnerhof","isPartOf":{"@id":"https:\/\/hotel-lechnerhof.de\/en\/#website"},"primaryImageOfPage":{"@id":"https:\/\/hotel-lechnerhof.de\/freizeit-in-muenchen\/#primaryimage"},"image":{"@id":"https:\/\/hotel-lechnerhof.de\/freizeit-in-muenchen\/#primaryimage"},"thumbnailUrl":"https:\/\/lechnerhof.devel-web.de\/wp-content\/uploads\/laufen-wandern-1.jpg","datePublished":"2022-05-06T13:03:17+00:00","dateModified":"2023-03-31T14:12:42+00:00","breadcrumb":{"@id":"https:\/\/hotel-lechnerhof.de\/freizeit-in-muenchen\/#breadcrumb"},"inLanguage":"en-US","potentialAction":[{"@type":"ReadAction","target":["https:\/\/hotel-lechnerhof.de\/freizeit-in-muenchen\/"]}]},{"@type":"ImageObject","inLanguage":"en-US","@id":"https:\/\/hotel-lechnerhof.de\/freizeit-in-muenchen\/#primaryimage","url":"https:\/\/lechnerhof.devel-web.de\/wp-content\/uploads\/laufen-wandern-1.jpg","contentUrl":"https:\/\/lechnerhof.devel-web.de\/wp-content\/uploads\/laufen-wandern-1.jpg"},{"@type":"BreadcrumbList","@id":"https:\/\/hotel-lechnerhof.de\/freizeit-in-muenchen\/#breadcrumb","itemListElement":[{"@type":"ListItem","position":1,"name":"Startseite","item":"https:\/\/hotel-lechnerhof.de\/en\/"},{"@type":"ListItem","position":2,"name":"Freizeit"}]},{"@type":"WebSite","@id":"https:\/\/hotel-lechnerhof.de\/en\/#website","url":"https:\/\/hotel-lechnerhof.de\/en\/","name":"Hotel Lechnerhof","description":"Eine weitere WordPress-Website","publisher":{"@id":"https:\/\/hotel-lechnerhof.de\/en\/#organization"},"potentialAction":[{"@type":"SearchAction","target":{"@type":"EntryPoint","urlTemplate":"https:\/\/hotel-lechnerhof.de\/en\/?s={search_term_string}"},"query-input":{"@type":"PropertyValueSpecification","valueRequired":true,"valueName":"search_term_string"}}],"inLanguage":"en-US"},{"@type":"Organization","@id":"https:\/\/hotel-lechnerhof.de\/en\/#organization","name":"Hotel Lechnerhof","url":"https:\/\/hotel-lechnerhof.de\/en\/","logo":{"@type":"ImageObject","inLanguage":"en-US","@id":"https:\/\/hotel-lechnerhof.de\/en\/#\/schema\/logo\/image\/","url":"https:\/\/hotel-lechnerhof.de\/wp-content\/uploads\/2022\/05\/cropped-favicon-75.png","contentUrl":"https:\/\/hotel-lechnerhof.de\/wp-content\/uploads\/2022\/05\/cropped-favicon-75.png","width":75,"height":75,"caption":"Hotel Lechnerhof"},"image":{"@id":"https:\/\/hotel-lechnerhof.de\/en\/#\/schema\/logo\/image\/"}}]}},"_links":{"self":[{"href":"https:\/\/hotel-lechnerhof.de\/en\/wp-json\/wp\/v2\/pages\/337","targetHints":{"allow":["GET"]}}],"collection":[{"href":"https:\/\/hotel-lechnerhof.de\/en\/wp-json\/wp\/v2\/pages"}],"about":[{"href":"https:\/\/hotel-lechnerhof.de\/en\/wp-json\/wp\/v2\/types\/page"}],"author":[{"embeddable":true,"href":"https:\/\/hotel-lechnerhof.de\/en\/wp-json\/wp\/v2\/users\/1"}],"replies":[{"embeddable":true,"href":"https:\/\/hotel-lechnerhof.de\/en\/wp-json\/wp\/v2\/comments?post=337"}],"version-history":[{"count":48,"href":"https:\/\/hotel-lechnerhof.de\/en\/wp-json\/wp\/v2\/pages\/337\/revisions"}],"predecessor-version":[{"id":2169,"href":"https:\/\/hotel-lechnerhof.de\/en\/wp-json\/wp\/v2\/pages\/337\/revisions\/2169"}],"wp:attachment":[{"href":"https:\/\/hotel-lechnerhof.de\/en\/wp-json\/wp\/v2\/media?parent=337"}],"wp:term":[{"taxonomy":"category","embeddable":true,"href":"https:\/\/hotel-lechnerhof.de\/en\/wp-json\/wp\/v2\/categories?post=337"},{"taxonomy":"post_tag","embeddable":true,"href":"https:\/\/hotel-lechnerhof.de\/en\/wp-json\/wp\/v2\/tags?post=337"}],"curies":[{"name":"wp","href":"https:\/\/api.w.org\/{rel}","templated":true}]}}