{"id":473,"date":"2022-05-09T23:32:31","date_gmt":"2022-05-09T21:32:31","guid":{"rendered":"https:\/\/lechnerhof.devel-web.de\/?page_id=473"},"modified":"2023-04-06T13:16:03","modified_gmt":"2023-04-06T11:16:03","slug":"impressum","status":"publish","type":"page","link":"https:\/\/hotel-lechnerhof.de\/en\/impressum\/","title":{"rendered":"Impressum"},"content":{"rendered":"\n<p>Hotel Lechnerhof UG &amp; Co. KG<\/p>\n\n\n\n<p>Eichenweg 4<\/p>\n\n\n\n<p>85774 Unterf\u00f6hring<\/p>\n\n\n\n<p>Tel: +49 (0)89 958 280<\/p>\n\n\n\n<p>Fax: +49 (0) 89 958 28 140<\/p>\n\n\n\n<p>info@hotel-lechnerhof.de<\/p>\n\n\n\n<p>Gesellschaftssitz Unterf\u00f6hring<\/p>\n\n\n\n<p>Gesch\u00e4ftsf\u00fchrer: Trauterose Lechner, Brigitte Lechner<\/p>\n\n\n\n<p>Handelsregister Amtsgericht M\u00fcnchen HRA 94940<\/p>\n\n\n\n<p>Umsatzsteuer-Identifikationsnummer UST-ID. Nr. DE 274470381<\/p>\n\n\n\n<p>Aufsichtsbeh\u00f6rde:<\/p>\n\n\n\n<p>Landratsamt M\u00fcnchen<\/p>\n\n\n\n<p>Mariahilfplatz 17<\/p>\n\n\n\n<p>81541 M\u00fcnchen<\/p>\n\n\n\n<p>Tel.: 089 \/ 6221 &#8211; 0<\/p>\n\n\n\n<p>Fax.: 089 \/ 6221 &#8211; 2278<\/p>\n\n\n\n<p>www.landkreis-muenchen.de\/landratsamt\/<\/p>\n\n\n\n<p>E-Mail: poststelle@lra-m.bayern.de<\/p>\n\n\n\n<p>Streitbeilegungsverfahren:<\/p>\n\n\n\n<p>Die Europ\u00e4ische Kommission stellt eine von ihr betriebene Plattform zur Online-Streitbeilegung (OS) bereit. Die Plattform finden Sie unter http:\/\/ec.europa.eu\/consumers\/odr\/. Wir sind nicht dazu bereit oder verpflichtet, an Streitbeilegungsverfahren vor einer Verbraucherschlichtungsstelle teilzunehmen. Bei diesbez\u00fcglichen Fragen k\u00f6nnen Sie uns unter der E-Mail-Adresse info@hotel-lechnerhof.de kontaktieren.<\/p>\n\n\n\n<p><strong>Website &amp; Webdesign<\/strong><\/p>\n\n\n\n<p><a href=\"https:\/\/orange-services.de\/webdesign-agentur\/muenchen\" target=\"_blank\" rel=\"noreferrer noopener\">Webdesign aus M\u00fcnchen<\/a> realisiert von Online-Marketing-Agentur <a href=\"https:\/\/orange-services.de\/\" target=\"_blank\" rel=\"noreferrer noopener\">Orange Services Webdesign<\/a><\/p>\n","protected":false},"excerpt":{"rendered":"<p>Hotel Lechnerhof UG &amp; Co. KG Eichenweg 4 85774 Unterf\u00f6hring Tel: +49 (0)89 958 280 Fax: +49 (0) 89 958 28 140 info@hotel-lechnerhof.de Gesellschaftssitz Unterf\u00f6hring Gesch\u00e4ftsf\u00fchrer: Trauterose Lechner, Brigitte Lechner Handelsregister Amtsgericht M\u00fcnchen HRA 94940 Umsatzsteuer-Identifikationsnummer UST-ID. Nr. DE 274470381 Aufsichtsbeh\u00f6rde: Landratsamt M\u00fcnchen Mariahilfplatz 17 81541 M\u00fcnchen Tel.: 089 \/ 6221 &#8211; 0 Fax.: 089 [&#8230;]<\/p>\n<p><a class=\"btn btn-secondary understrap-read-more-link\" href=\"https:\/\/hotel-lechnerhof.de\/en\/impressum\/\">Read More&#8230;<span class=\"screen-reader-text\"> from Impressum<\/span><\/a><\/p>\n","protected":false},"author":1,"featured_media":0,"parent":0,"menu_order":0,"comment_status":"closed","ping_status":"closed","template":"","meta":{"footnotes":""},"categories":[],"tags":[],"class_list":["post-473","page","type-page","status-publish","hentry"],"translation":{"provider":"WPGlobus","version":"3.0.2","language":"en","enabled_languages":["de","en"],"languages":{"de":{"title":true,"content":true,"excerpt":false},"en":{"title":false,"content":false,"excerpt":false}}},"yoast_head":"<!-- This site is optimized with the Yoast SEO plugin v27.4 - https:\/\/yoast.com\/product\/yoast-seo-wordpress\/ -->\n<title>Impressum - Hotel Lechnerhof<\/title>\n<meta name=\"robots\" content=\"index, follow, max-snippet:-1, max-image-preview:large, max-video-preview:-1\" \/>\n<link rel=\"canonical\" href=\"https:\/\/hotel-lechnerhof.de\/impressum\/\" \/>\n<meta property=\"og:locale\" content=\"en_US\" \/>\n<meta property=\"og:type\" content=\"article\" \/>\n<meta property=\"og:title\" content=\"Impressum - Hotel Lechnerhof\" \/>\n<meta property=\"og:url\" content=\"https:\/\/hotel-lechnerhof.de\/impressum\/\" \/>\n<meta property=\"og:site_name\" content=\"Hotel Lechnerhof\" \/>\n<meta property=\"article:modified_time\" content=\"2023-04-06T11:16:03+00:00\" \/>\n<meta name=\"twitter:card\" content=\"summary_large_image\" \/>\n<meta name=\"twitter:label1\" content=\"Est. reading time\" \/>\n\t<meta name=\"twitter:data1\" content=\"1 minute\" \/>\n<script type=\"application\/ld+json\" class=\"yoast-schema-graph\">{\"@context\":\"https:\\\/\\\/schema.org\",\"@graph\":[{\"@type\":\"WebPage\",\"@id\":\"https:\\\/\\\/hotel-lechnerhof.de\\\/impressum\\\/\",\"url\":\"https:\\\/\\\/hotel-lechnerhof.de\\\/impressum\\\/\",\"name\":\"Impressum - Hotel Lechnerhof\",\"isPartOf\":{\"@id\":\"https:\\\/\\\/hotel-lechnerhof.de\\\/en\\\/#website\"},\"datePublished\":\"2022-05-09T21:32:31+00:00\",\"dateModified\":\"2023-04-06T11:16:03+00:00\",\"breadcrumb\":{\"@id\":\"https:\\\/\\\/hotel-lechnerhof.de\\\/impressum\\\/#breadcrumb\"},\"inLanguage\":\"en-US\",\"potentialAction\":[{\"@type\":\"ReadAction\",\"target\":[\"https:\\\/\\\/hotel-lechnerhof.de\\\/impressum\\\/\"]}]},{\"@type\":\"BreadcrumbList\",\"@id\":\"https:\\\/\\\/hotel-lechnerhof.de\\\/impressum\\\/#breadcrumb\",\"itemListElement\":[{\"@type\":\"ListItem\",\"position\":1,\"name\":\"Startseite\",\"item\":\"https:\\\/\\\/hotel-lechnerhof.de\\\/en\\\/\"},{\"@type\":\"ListItem\",\"position\":2,\"name\":\"Impressum\"}]},{\"@type\":\"WebSite\",\"@id\":\"https:\\\/\\\/hotel-lechnerhof.de\\\/en\\\/#website\",\"url\":\"https:\\\/\\\/hotel-lechnerhof.de\\\/en\\\/\",\"name\":\"Hotel Lechnerhof\",\"description\":\"Eine weitere WordPress-Website\",\"publisher\":{\"@id\":\"https:\\\/\\\/hotel-lechnerhof.de\\\/en\\\/#organization\"},\"potentialAction\":[{\"@type\":\"SearchAction\",\"target\":{\"@type\":\"EntryPoint\",\"urlTemplate\":\"https:\\\/\\\/hotel-lechnerhof.de\\\/en\\\/?s={search_term_string}\"},\"query-input\":{\"@type\":\"PropertyValueSpecification\",\"valueRequired\":true,\"valueName\":\"search_term_string\"}}],\"inLanguage\":\"en-US\"},{\"@type\":\"Organization\",\"@id\":\"https:\\\/\\\/hotel-lechnerhof.de\\\/en\\\/#organization\",\"name\":\"Hotel Lechnerhof\",\"url\":\"https:\\\/\\\/hotel-lechnerhof.de\\\/en\\\/\",\"logo\":{\"@type\":\"ImageObject\",\"inLanguage\":\"en-US\",\"@id\":\"https:\\\/\\\/hotel-lechnerhof.de\\\/en\\\/#\\\/schema\\\/logo\\\/image\\\/\",\"url\":\"https:\\\/\\\/hotel-lechnerhof.de\\\/wp-content\\\/uploads\\\/2022\\\/05\\\/cropped-favicon-75.png\",\"contentUrl\":\"https:\\\/\\\/hotel-lechnerhof.de\\\/wp-content\\\/uploads\\\/2022\\\/05\\\/cropped-favicon-75.png\",\"width\":75,\"height\":75,\"caption\":\"Hotel Lechnerhof\"},\"image\":{\"@id\":\"https:\\\/\\\/hotel-lechnerhof.de\\\/en\\\/#\\\/schema\\\/logo\\\/image\\\/\"}}]}<\/script>\n<!-- \/ Yoast SEO plugin. -->","yoast_head_json":{"title":"Impressum - Hotel Lechnerhof","robots":{"index":"index","follow":"follow","max-snippet":"max-snippet:-1","max-image-preview":"max-image-preview:large","max-video-preview":"max-video-preview:-1"},"canonical":"https:\/\/hotel-lechnerhof.de\/impressum\/","og_locale":"en_US","og_type":"article","og_title":"Impressum - Hotel Lechnerhof","og_url":"https:\/\/hotel-lechnerhof.de\/impressum\/","og_site_name":"Hotel Lechnerhof","article_modified_time":"2023-04-06T11:16:03+00:00","twitter_card":"summary_large_image","twitter_misc":{"Est. reading time":"1 minute"},"schema":{"@context":"https:\/\/schema.org","@graph":[{"@type":"WebPage","@id":"https:\/\/hotel-lechnerhof.de\/impressum\/","url":"https:\/\/hotel-lechnerhof.de\/impressum\/","name":"Impressum - Hotel Lechnerhof","isPartOf":{"@id":"https:\/\/hotel-lechnerhof.de\/en\/#website"},"datePublished":"2022-05-09T21:32:31+00:00","dateModified":"2023-04-06T11:16:03+00:00","breadcrumb":{"@id":"https:\/\/hotel-lechnerhof.de\/impressum\/#breadcrumb"},"inLanguage":"en-US","potentialAction":[{"@type":"ReadAction","target":["https:\/\/hotel-lechnerhof.de\/impressum\/"]}]},{"@type":"BreadcrumbList","@id":"https:\/\/hotel-lechnerhof.de\/impressum\/#breadcrumb","itemListElement":[{"@type":"ListItem","position":1,"name":"Startseite","item":"https:\/\/hotel-lechnerhof.de\/en\/"},{"@type":"ListItem","position":2,"name":"Impressum"}]},{"@type":"WebSite","@id":"https:\/\/hotel-lechnerhof.de\/en\/#website","url":"https:\/\/hotel-lechnerhof.de\/en\/","name":"Hotel Lechnerhof","description":"Eine weitere WordPress-Website","publisher":{"@id":"https:\/\/hotel-lechnerhof.de\/en\/#organization"},"potentialAction":[{"@type":"SearchAction","target":{"@type":"EntryPoint","urlTemplate":"https:\/\/hotel-lechnerhof.de\/en\/?s={search_term_string}"},"query-input":{"@type":"PropertyValueSpecification","valueRequired":true,"valueName":"search_term_string"}}],"inLanguage":"en-US"},{"@type":"Organization","@id":"https:\/\/hotel-lechnerhof.de\/en\/#organization","name":"Hotel Lechnerhof","url":"https:\/\/hotel-lechnerhof.de\/en\/","logo":{"@type":"ImageObject","inLanguage":"en-US","@id":"https:\/\/hotel-lechnerhof.de\/en\/#\/schema\/logo\/image\/","url":"https:\/\/hotel-lechnerhof.de\/wp-content\/uploads\/2022\/05\/cropped-favicon-75.png","contentUrl":"https:\/\/hotel-lechnerhof.de\/wp-content\/uploads\/2022\/05\/cropped-favicon-75.png","width":75,"height":75,"caption":"Hotel Lechnerhof"},"image":{"@id":"https:\/\/hotel-lechnerhof.de\/en\/#\/schema\/logo\/image\/"}}]}},"_links":{"self":[{"href":"https:\/\/hotel-lechnerhof.de\/en\/wp-json\/wp\/v2\/pages\/473","targetHints":{"allow":["GET"]}}],"collection":[{"href":"https:\/\/hotel-lechnerhof.de\/en\/wp-json\/wp\/v2\/pages"}],"about":[{"href":"https:\/\/hotel-lechnerhof.de\/en\/wp-json\/wp\/v2\/types\/page"}],"author":[{"embeddable":true,"href":"https:\/\/hotel-lechnerhof.de\/en\/wp-json\/wp\/v2\/users\/1"}],"replies":[{"embeddable":true,"href":"https:\/\/hotel-lechnerhof.de\/en\/wp-json\/wp\/v2\/comments?post=473"}],"version-history":[{"count":4,"href":"https:\/\/hotel-lechnerhof.de\/en\/wp-json\/wp\/v2\/pages\/473\/revisions"}],"predecessor-version":[{"id":1945,"href":"https:\/\/hotel-lechnerhof.de\/en\/wp-json\/wp\/v2\/pages\/473\/revisions\/1945"}],"wp:attachment":[{"href":"https:\/\/hotel-lechnerhof.de\/en\/wp-json\/wp\/v2\/media?parent=473"}],"wp:term":[{"taxonomy":"category","embeddable":true,"href":"https:\/\/hotel-lechnerhof.de\/en\/wp-json\/wp\/v2\/categories?post=473"},{"taxonomy":"post_tag","embeddable":true,"href":"https:\/\/hotel-lechnerhof.de\/en\/wp-json\/wp\/v2\/tags?post=473"}],"curies":[{"name":"wp","href":"https:\/\/api.w.org\/{rel}","templated":true}]}}