{"id":475,"date":"2022-05-09T23:33:26","date_gmt":"2022-05-09T21:33:26","guid":{"rendered":"https:\/\/lechnerhof.devel-web.de\/?page_id=475"},"modified":"2022-05-09T23:33:26","modified_gmt":"2022-05-09T21:33:26","slug":"datenschutzrichtlinie","status":"publish","type":"page","link":"https:\/\/hotel-lechnerhof.de\/en\/datenschutzrichtlinie\/","title":{"rendered":"Datenschutzrichtlinie"},"content":{"rendered":"\n<p>Willkommen auf der Webseite des Hotel Lechnerhof UG &amp; Co. KG. Unsere Webseite soll Ihnen Informationen \u00fcber unser Unternehmen und unsere Dienstleistungen pr\u00e4sentieren und bietet Ihnen die M\u00f6glichkeit, Buchungen in unserem Hotel vorzunehmen . Damit Sie wissen, was mit Ihren personenbezogenen Daten geschieht, m\u00f6chten wir Ihnen erl\u00e4utern, wie wir diese nutzen und welche Entscheidungen Sie \u00fcber die Art und Weise der Erhebung und Nutzung Ihrer Daten treffen k\u00f6nnen.<\/p>\n\n\n\n<p>Verantwortlich f\u00fcr die Verarbeitung von Daten auf dieser Seite ist das Hotel Lechnerhof . Weitere Angaben finden Sie im Impressum<\/p>\n\n\n\n<ol class=\"wp-block-list\"><li>Erhebung und Nutzung von Daten<\/li><\/ol>\n\n\n\n<p>1.1 Beim Besuch unserer Webseite erfasst unser Webserver vor\u00fcbergehend technische Details des Ger\u00e4tes, von dem aus Sie unsere Webseite besuchen, wie beispielsweise verwendeter Browsertyp, installiertes Betriebssystem oder Ger\u00e4teeinstellungen. Dar\u00fcber hinaus erfassen wir Ihre IP-Adresse und, sofern Sie unsere Webseite z.B. mit Ihrem Mobiltelefon aufrufen, auch die individuelle Kennziffer Ihres Ger\u00e4tes (sog. Unique Device Identifier). Unser Webserver sammelt weiterhin bestimmte Daten, die das von Ihnen benutzte Webbrowserprogramm automatisch \u00fcbermittelt.<\/p>\n\n\n\n<p>Dazu geh\u00f6ren<\/p>\n\n\n\n<ul class=\"wp-block-list\"><li>der Name Ihres Internet-Service-Providers,<\/li><li>die Adresse der Webseite, von der aus Sie uns besuchen,<\/li><li>die Unterseite der Webseite die Sie besuchen<\/li><li>Datum und Dauer Ihres Besuches.<\/li><\/ul>\n\n\n\n<p>1.2 Bei unserer Webseite handelt es sich auch um eine Informationsplattform, \u00fcber die wir Ihre Anfragen beantworten m\u00f6chten. Um die Kontaktaufnahme pers\u00f6nlicher gestalten zu k\u00f6nnen, haben Sie die M\u00f6glichkeit, uns \u00fcber das Kontaktformular Ihren Namen, Ihre Anschrift sowie Ihre E-Mail-Adresse mitzuteilen. Informationen k\u00f6nnen Sie aber nat\u00fcrlich auch nur unter Benutzung einer E-Mail-Adresse erhalten.<\/p>\n\n\n\n<p>1.3 Wenn Sie Bestellungen oder Buchungen \u00fcber unsere Webseite oder sonst anderweitig (z.B. telefonisch) ausf\u00fchren, nehmen wir in der Regel im Rahmen des Bestellvorgangs personenbezogene Angaben wie Name, Anschrift, ggfs. gew\u00fcnschte Versandadresse, E-Mail-Adresse, Telefonnummer, Kreditkartennummer und Bankverbindung auf. Wenn Sie hierbei ein Kundenkonto anlegen, werden wir Sie au\u00dferdem auffordern, hierf\u00fcr ein individuelles Passwort zu vergeben.<\/p>\n\n\n\n<p>1.4 W\u00e4hrend Ihres Aufenthalts speichern wir zudem weitere Daten, wie beispielsweise Informationen \u00fcber Rechnungen , sowie \u00fcber Ihre Kritik, \u00c4u\u00dferungen und W\u00fcnsche.<\/p>\n\n\n\n<ol class=\"wp-block-list\" start=\"2\"><li>Zwecke, f\u00fcr die wir Ihre Daten verwenden<\/li><\/ol>\n\n\n\n<p>Wir verwenden Ihre personenbezogenen Daten, um Ihnen den Besuch unserer Webseite zu erm\u00f6glichen (Verbindungsaufbau) und um auf Grundlage der automatisch \u00fcbermittelten Daten (siehe Ziffer 1.1) anonyme Nutzungsstatistiken zu erstellen, die es uns erm\u00f6glichen, die Nutzung unserer Webseite nachzuvollziehen und diese bedarfs- und zielgruppengerechter auszugestalten. Zudem erfolgt die Verarbeitung der Daten, um Ihre Kontaktanfragen zu beantworten, Bestellungen oder Buchungen durchzuf\u00fchren und unsere Leistungen im Hinblick auf Ihre W\u00fcnsche auszurichten.<\/p>\n\n\n\n<ol class=\"wp-block-list\" start=\"3\"><li>Weitergabe Ihrer Daten an Dritte<\/li><\/ol>\n\n\n\n<p>3.1 Im Zusammenhang mit der Abwicklung von Bestellungen und Buchungen \u00fcbermitteln wir personenbezogene Daten an Dienstleister, die uns bei der Abwicklung unterst\u00fctzen. Dies betrifft insbesondere Anbieter von Kreditkartenabrechnungs-Services, soweit die Daten\u00fcbermittlung zur Abwicklung der Bezahlung erforderlich ist. Wir arbeiten insoweit mit den folgenden Unternehmen zusammen: American Express International Inc. NL Deutschland, Theodor-Heuss-Allee 112, 60486 Frankfurt am Main (f\u00fcr AMEX Card); BS Payone GmbH , Lyonerstrasse 6, 60528 Frankfurt (f\u00fcr Visa, MasterCard, JCB, CUP, Maestro, VPay). Eine Bonit\u00e4tspr\u00fcfung behalten wir uns prinzipiell vor.<\/p>\n\n\n\n<ol class=\"wp-block-list\" start=\"4\"><li>Cookies<\/li><\/ol>\n\n\n\n<p>Wir setzen auf unserer Webseite Cookies (_ga: Google-Analytics \/ _gat: Google-Analytics \/ _gid: Google-Analytics \/ cookieconsent_status ) ein. Dies dient vor allem dazu, Ihren Online-Besuch angenehmer und individueller zu gestalten.<\/p>\n\n\n\n<p>4.1 Cookies sind kleine, oft verschl\u00fcsselte Textdateien, die in Ihrem Browserverzeichnis gespeichert werden. \u00dcber Cookies ist es m\u00f6glich, Sie als einen bestimmten Kunden zu identifizieren und Ihre pers\u00f6nlichen Pr\u00e4ferenzen bei der Nutzung unserer Webseite, aber auch technische Informationen, zu speichern. Dies hat f\u00fcr Sie vor allem den Vorteil, dass Sie die in den Cookies enthaltenen Informationen nicht bei jedem Besuch unserer Webseite erneut einzugeben brauchen. F\u00fcr sich gesehen beinhalten oder enth\u00fcllen Cookies nicht zwingend personenbezogene Informationen. Wenn Sie jedoch auf unserer Webseite personenbezogene Informationen eingeben, k\u00f6nnen diese mit den in den Cookies gespeicherten Daten verkn\u00fcpft werden. Betreiber anderer Webseiten haben jedoch keinen Zugriff auf diese Dateien.<\/p>\n\n\n\n<p>4.2 F\u00fcr unsere Webseite verwenden wir au\u00dferdem Google Analytics. Dabei handelt es sich um einen durch Google Inc. angebotenen Webanalysedienst, mit dem detaillierte Statistiken \u00fcber den Traffic einer Webseite und die Traffic-Quellen generiert werden k\u00f6nnen. Wir nutzen Google Analytics ausschlie\u00dflich zu statistischen Zwecken, beispielsweise um nachzuvollziehen<\/p>\n","protected":false},"excerpt":{"rendered":"<p>Willkommen auf der Webseite des Hotel Lechnerhof UG &amp; Co. KG. Unsere Webseite soll Ihnen Informationen \u00fcber unser Unternehmen und unsere Dienstleistungen pr\u00e4sentieren und bietet Ihnen die M\u00f6glichkeit, Buchungen in unserem Hotel vorzunehmen . Damit Sie wissen, was mit Ihren personenbezogenen Daten geschieht, m\u00f6chten wir Ihnen erl\u00e4utern, wie wir diese nutzen und welche Entscheidungen Sie [&#8230;]<\/p>\n<p><a class=\"btn btn-secondary understrap-read-more-link\" href=\"https:\/\/hotel-lechnerhof.de\/en\/datenschutzrichtlinie\/\">Read More&#8230;<span class=\"screen-reader-text\"> from Datenschutzrichtlinie<\/span><\/a><\/p>\n","protected":false},"author":1,"featured_media":0,"parent":0,"menu_order":0,"comment_status":"closed","ping_status":"closed","template":"","meta":{"footnotes":""},"categories":[],"tags":[],"class_list":["post-475","page","type-page","status-publish","hentry"],"translation":{"provider":"WPGlobus","version":"3.0.2","language":"en","enabled_languages":["de","en"],"languages":{"de":{"title":true,"content":true,"excerpt":false},"en":{"title":false,"content":false,"excerpt":false}}},"yoast_head":"<!-- This site is optimized with the Yoast SEO plugin v27.5 - https:\/\/yoast.com\/product\/yoast-seo-wordpress\/ -->\n<title>Datenschutzrichtlinie - Hotel Lechnerhof<\/title>\n<meta name=\"robots\" content=\"index, follow, max-snippet:-1, max-image-preview:large, max-video-preview:-1\" \/>\n<link rel=\"canonical\" href=\"https:\/\/www.hotel-lechnerhof.de\/datenschutzrichtlinie\/\" \/>\n<meta property=\"og:locale\" content=\"en_US\" \/>\n<meta property=\"og:type\" content=\"article\" \/>\n<meta property=\"og:title\" content=\"Datenschutzrichtlinie - Hotel Lechnerhof\" \/>\n<meta property=\"og:url\" content=\"https:\/\/www.hotel-lechnerhof.de\/datenschutzrichtlinie\/\" \/>\n<meta property=\"og:site_name\" content=\"Hotel Lechnerhof\" \/>\n<meta name=\"twitter:card\" content=\"summary_large_image\" \/>\n<meta name=\"twitter:label1\" content=\"Est. reading time\" \/>\n\t<meta name=\"twitter:data1\" content=\"4 minutes\" \/>\n<script type=\"application\/ld+json\" class=\"yoast-schema-graph\">{\"@context\":\"https:\\\/\\\/schema.org\",\"@graph\":[{\"@type\":\"WebPage\",\"@id\":\"https:\\\/\\\/www.hotel-lechnerhof.de\\\/datenschutzrichtlinie\\\/\",\"url\":\"https:\\\/\\\/www.hotel-lechnerhof.de\\\/datenschutzrichtlinie\\\/\",\"name\":\"Datenschutzrichtlinie - Hotel Lechnerhof\",\"isPartOf\":{\"@id\":\"https:\\\/\\\/www.hotel-lechnerhof.de\\\/en\\\/#website\"},\"datePublished\":\"2022-05-09T21:33:26+00:00\",\"breadcrumb\":{\"@id\":\"https:\\\/\\\/www.hotel-lechnerhof.de\\\/datenschutzrichtlinie\\\/#breadcrumb\"},\"inLanguage\":\"en-US\",\"potentialAction\":[{\"@type\":\"ReadAction\",\"target\":[\"https:\\\/\\\/www.hotel-lechnerhof.de\\\/datenschutzrichtlinie\\\/\"]}]},{\"@type\":\"BreadcrumbList\",\"@id\":\"https:\\\/\\\/www.hotel-lechnerhof.de\\\/datenschutzrichtlinie\\\/#breadcrumb\",\"itemListElement\":[{\"@type\":\"ListItem\",\"position\":1,\"name\":\"Startseite\",\"item\":\"https:\\\/\\\/www.hotel-lechnerhof.de\\\/en\\\/\"},{\"@type\":\"ListItem\",\"position\":2,\"name\":\"Datenschutzrichtlinie\"}]},{\"@type\":\"WebSite\",\"@id\":\"https:\\\/\\\/www.hotel-lechnerhof.de\\\/en\\\/#website\",\"url\":\"https:\\\/\\\/www.hotel-lechnerhof.de\\\/en\\\/\",\"name\":\"Hotel Lechnerhof\",\"description\":\"Eine weitere WordPress-Website\",\"publisher\":{\"@id\":\"https:\\\/\\\/www.hotel-lechnerhof.de\\\/en\\\/#organization\"},\"potentialAction\":[{\"@type\":\"SearchAction\",\"target\":{\"@type\":\"EntryPoint\",\"urlTemplate\":\"https:\\\/\\\/www.hotel-lechnerhof.de\\\/en\\\/?s={search_term_string}\"},\"query-input\":{\"@type\":\"PropertyValueSpecification\",\"valueRequired\":true,\"valueName\":\"search_term_string\"}}],\"inLanguage\":\"en-US\"},{\"@type\":\"Organization\",\"@id\":\"https:\\\/\\\/www.hotel-lechnerhof.de\\\/en\\\/#organization\",\"name\":\"Hotel Lechnerhof\",\"url\":\"https:\\\/\\\/www.hotel-lechnerhof.de\\\/en\\\/\",\"logo\":{\"@type\":\"ImageObject\",\"inLanguage\":\"en-US\",\"@id\":\"https:\\\/\\\/www.hotel-lechnerhof.de\\\/en\\\/#\\\/schema\\\/logo\\\/image\\\/\",\"url\":\"https:\\\/\\\/hotel-lechnerhof.de\\\/wp-content\\\/uploads\\\/2022\\\/05\\\/cropped-favicon-75.png\",\"contentUrl\":\"https:\\\/\\\/hotel-lechnerhof.de\\\/wp-content\\\/uploads\\\/2022\\\/05\\\/cropped-favicon-75.png\",\"width\":75,\"height\":75,\"caption\":\"Hotel Lechnerhof\"},\"image\":{\"@id\":\"https:\\\/\\\/www.hotel-lechnerhof.de\\\/en\\\/#\\\/schema\\\/logo\\\/image\\\/\"}}]}<\/script>\n<!-- \/ Yoast SEO plugin. -->","yoast_head_json":{"title":"Datenschutzrichtlinie - Hotel Lechnerhof","robots":{"index":"index","follow":"follow","max-snippet":"max-snippet:-1","max-image-preview":"max-image-preview:large","max-video-preview":"max-video-preview:-1"},"canonical":"https:\/\/www.hotel-lechnerhof.de\/datenschutzrichtlinie\/","og_locale":"en_US","og_type":"article","og_title":"Datenschutzrichtlinie - Hotel Lechnerhof","og_url":"https:\/\/www.hotel-lechnerhof.de\/datenschutzrichtlinie\/","og_site_name":"Hotel Lechnerhof","twitter_card":"summary_large_image","twitter_misc":{"Est. reading time":"4 minutes"},"schema":{"@context":"https:\/\/schema.org","@graph":[{"@type":"WebPage","@id":"https:\/\/www.hotel-lechnerhof.de\/datenschutzrichtlinie\/","url":"https:\/\/www.hotel-lechnerhof.de\/datenschutzrichtlinie\/","name":"Datenschutzrichtlinie - Hotel Lechnerhof","isPartOf":{"@id":"https:\/\/www.hotel-lechnerhof.de\/en\/#website"},"datePublished":"2022-05-09T21:33:26+00:00","breadcrumb":{"@id":"https:\/\/www.hotel-lechnerhof.de\/datenschutzrichtlinie\/#breadcrumb"},"inLanguage":"en-US","potentialAction":[{"@type":"ReadAction","target":["https:\/\/www.hotel-lechnerhof.de\/datenschutzrichtlinie\/"]}]},{"@type":"BreadcrumbList","@id":"https:\/\/www.hotel-lechnerhof.de\/datenschutzrichtlinie\/#breadcrumb","itemListElement":[{"@type":"ListItem","position":1,"name":"Startseite","item":"https:\/\/www.hotel-lechnerhof.de\/en\/"},{"@type":"ListItem","position":2,"name":"Datenschutzrichtlinie"}]},{"@type":"WebSite","@id":"https:\/\/www.hotel-lechnerhof.de\/en\/#website","url":"https:\/\/www.hotel-lechnerhof.de\/en\/","name":"Hotel Lechnerhof","description":"Eine weitere WordPress-Website","publisher":{"@id":"https:\/\/www.hotel-lechnerhof.de\/en\/#organization"},"potentialAction":[{"@type":"SearchAction","target":{"@type":"EntryPoint","urlTemplate":"https:\/\/www.hotel-lechnerhof.de\/en\/?s={search_term_string}"},"query-input":{"@type":"PropertyValueSpecification","valueRequired":true,"valueName":"search_term_string"}}],"inLanguage":"en-US"},{"@type":"Organization","@id":"https:\/\/www.hotel-lechnerhof.de\/en\/#organization","name":"Hotel Lechnerhof","url":"https:\/\/www.hotel-lechnerhof.de\/en\/","logo":{"@type":"ImageObject","inLanguage":"en-US","@id":"https:\/\/www.hotel-lechnerhof.de\/en\/#\/schema\/logo\/image\/","url":"https:\/\/hotel-lechnerhof.de\/wp-content\/uploads\/2022\/05\/cropped-favicon-75.png","contentUrl":"https:\/\/hotel-lechnerhof.de\/wp-content\/uploads\/2022\/05\/cropped-favicon-75.png","width":75,"height":75,"caption":"Hotel Lechnerhof"},"image":{"@id":"https:\/\/www.hotel-lechnerhof.de\/en\/#\/schema\/logo\/image\/"}}]}},"_links":{"self":[{"href":"https:\/\/hotel-lechnerhof.de\/en\/wp-json\/wp\/v2\/pages\/475","targetHints":{"allow":["GET"]}}],"collection":[{"href":"https:\/\/hotel-lechnerhof.de\/en\/wp-json\/wp\/v2\/pages"}],"about":[{"href":"https:\/\/hotel-lechnerhof.de\/en\/wp-json\/wp\/v2\/types\/page"}],"author":[{"embeddable":true,"href":"https:\/\/hotel-lechnerhof.de\/en\/wp-json\/wp\/v2\/users\/1"}],"replies":[{"embeddable":true,"href":"https:\/\/hotel-lechnerhof.de\/en\/wp-json\/wp\/v2\/comments?post=475"}],"version-history":[{"count":1,"href":"https:\/\/hotel-lechnerhof.de\/en\/wp-json\/wp\/v2\/pages\/475\/revisions"}],"predecessor-version":[{"id":476,"href":"https:\/\/hotel-lechnerhof.de\/en\/wp-json\/wp\/v2\/pages\/475\/revisions\/476"}],"wp:attachment":[{"href":"https:\/\/hotel-lechnerhof.de\/en\/wp-json\/wp\/v2\/media?parent=475"}],"wp:term":[{"taxonomy":"category","embeddable":true,"href":"https:\/\/hotel-lechnerhof.de\/en\/wp-json\/wp\/v2\/categories?post=475"},{"taxonomy":"post_tag","embeddable":true,"href":"https:\/\/hotel-lechnerhof.de\/en\/wp-json\/wp\/v2\/tags?post=475"}],"curies":[{"name":"wp","href":"https:\/\/api.w.org\/{rel}","templated":true}]}}